{"id":2497,"date":"2025-06-24T10:55:44","date_gmt":"2025-06-24T08:55:44","guid":{"rendered":"https:\/\/bomito.com\/erisilebilirlik-beyani\/"},"modified":"2025-09-04T17:38:00","modified_gmt":"2025-09-04T15:38:00","slug":"erisilebilirlik-beyani","status":"publish","type":"page","link":"https:\/\/bomito.com\/tr\/erisilebilirlik-beyani\/","title":{"rendered":"Eri\u015filebilirlik beyan\u0131"},"content":{"rendered":"<div class=\"fusion-fullwidth fullwidth-box fusion-builder-row-1 fusion-flex-container has-pattern-background has-mask-background nonhundred-percent-fullwidth non-hundred-percent-height-scrolling\" style=\"--awb-background-position:right top;--awb-border-radius-top-left:0px;--awb-border-radius-top-right:0px;--awb-border-radius-bottom-right:0px;--awb-border-radius-bottom-left:0px;--awb-padding-top:140px;--awb-padding-bottom:50px;--awb-padding-top-small:70px;--awb-padding-bottom-small:70px;--awb-background-size:contain;--awb-flex-wrap:wrap;\" ><div class=\"fusion-builder-row fusion-row fusion-flex-align-items-flex-start fusion-flex-align-content-center fusion-flex-justify-content-center fusion-flex-content-wrap\" style=\"max-width:1216.8px;margin-left: calc(-4% \/ 2 );margin-right: calc(-4% \/ 2 );\"><div class=\"fusion-layout-column fusion_builder_column fusion-builder-column-0 fusion_builder_column_3_4 3_4 fusion-flex-column\" style=\"--awb-bg-size:cover;--awb-width-large:75%;--awb-margin-top-large:0px;--awb-spacing-right-large:2.56%;--awb-margin-bottom-large:20px;--awb-spacing-left-large:2.56%;--awb-width-medium:75%;--awb-order-medium:0;--awb-spacing-right-medium:2.56%;--awb-spacing-left-medium:2.56%;--awb-width-small:100%;--awb-order-small:0;--awb-spacing-right-small:1.92%;--awb-spacing-left-small:1.92%;\" data-scroll-devices=\"small-visibility,medium-visibility,large-visibility\"><div class=\"fusion-column-wrapper fusion-column-has-shadow fusion-flex-justify-content-flex-start fusion-content-layout-column\"><div class=\"fusion-title title fusion-title-1 fusion-sep-none fusion-title-text fusion-title-size-one\" style=\"--awb-margin-bottom:30px;--awb-margin-top-small:0px;--awb-margin-right-small:0px;--awb-margin-bottom-small:15px;--awb-margin-left-small:0px;\"><h1 class=\"fusion-title-heading title-heading-left fusion-responsive-typography-calculated\" style=\"margin:0;--fontSize:70;line-height:var(--awb-typography1-line-height);\">Hizmetler i\u00e7in eri\u015filebilirlik beyan\u0131<\/h1><\/div><div class=\"fusion-text fusion-text-1 fusion-text-no-margin\" style=\"--awb-font-size:var(--awb-typography3-font-size);--awb-line-height:var(--awb-typography3-line-height);--awb-letter-spacing:var(--awb-typography3-letter-spacing);--awb-text-transform:var(--awb-typography3-text-transform);--awb-margin-bottom:30px;--awb-text-font-family:var(--awb-typography3-font-family);--awb-text-font-weight:var(--awb-typography3-font-weight);--awb-text-font-style:var(--awb-typography3-font-style);\"><p>Eri\u015filebilirlik beyan\u0131m\u0131z kapsam\u0131nda, a\u015fa\u011f\u0131da tan\u0131mlanan hizmet(ler)in yasal d\u00fczenlemelere (\u00f6zellikle Eri\u015filebilirli\u011fi G\u00fc\u00e7lendirme Yasas\u0131 \u2013 BFSG) g\u00f6re eri\u015filebilirlik gereklilikleri ile uyumluluk durumu hakk\u0131nda sizlere bir genel bak\u0131\u015f sunmak istiyoruz.<\/p>\n<h2 data-fontsize=\"40\" data-lineheight=\"44px\" class=\"fusion-responsive-typography-calculated\" style=\"--fontSize: 40; line-height: 1.1;\">Hizmet sa\u011flay\u0131c\u0131 bilgileri<\/h2>\n<p>D10 Solutions AG<br \/>Heinrich-Hertz-Strasse 4<br \/>40721 Hilden<br \/>Nordrhein-Westfalen<\/p>\n<h2 data-fontsize=\"40\" data-lineheight=\"44px\" class=\"fusion-responsive-typography-calculated\" style=\"--fontSize: 40; line-height: 1.1;\">Hizmete ili\u015fkin genel a\u00e7\u0131klama<\/h2>\n<p>BOMITO yaz\u0131l\u0131m\u0131m\u0131z hakk\u0131nda bilgi \u2013 www.bomito.com<\/p>\n<h2 data-fontsize=\"40\" data-lineheight=\"44px\" class=\"fusion-responsive-typography-calculated\" style=\"--fontSize: 40; line-height: 1.1;\">Hizmetin y\u00fcr\u00fct\u00fclmesine ili\u015fkin a\u00e7\u0131klamalar<\/h2>\n<p>Web sitemiz www.bomito.com <br \/>\u00fczerinden Back Office Y\u00f6netim Yaz\u0131l\u0131m\u0131m\u0131z BOMITO hakk\u0131nda bilgi alabilirsiniz. \u0130lginiz olmas\u0131 durumunda bir demo g\u00f6r\u00fc\u015fmesi rezervasyonu yapabilirsiniz. <\/p>\n<h2 data-fontsize=\"40\" data-lineheight=\"44px\" class=\"fusion-responsive-typography-calculated\" style=\"--fontSize: 40; line-height: 1.1;\">Hizmetin gerekliliklerle uyumluluk durumu<\/h2>\n<p>Yukar\u0131da belirtilen hizmet, Eri\u015filebilirli\u011fi G\u00fc\u00e7lendirme Yasas\u0131 (BFSG) h\u00fck\u00fcmleriyle tam uyumludur.<\/p>\n<h2 data-fontsize=\"40\" data-lineheight=\"44px\" class=\"fusion-responsive-typography-calculated\" style=\"--fontSize: 40; line-height: 1.1;\">Eri\u015filebilirlik Beyan\u0131n\u0131n Olu\u015fturulmas\u0131<\/h2>\n<p>Eri\u015filebilirlik Beyan\u0131n\u0131n Olu\u015fturulma Tarihi: 16.06.2025<br \/>Yukar\u0131da belirtilen hizmetlerin eri\u015filebilirlik gereklilikleri do\u011frultusunda son de\u011ferlendirme tarihi: 16.06.2025<\/p>\n<h2 data-fontsize=\"40\" data-lineheight=\"44px\" class=\"fusion-responsive-typography-calculated\" style=\"--fontSize: 40; line-height: 1.1;\">Eri\u015filebilirlik Durumuna \u0130li\u015fkin De\u011ferlendirme<\/h2>\n<p>Eri\u015filebilirlik durumuna ili\u015fkin bu de\u011ferlendirme, \u015firketimizin kendi \u00f6z de\u011ferlendirmesine dayanmaktad\u0131r.<\/p>\n<h2 data-fontsize=\"40\" data-lineheight=\"44px\" class=\"fusion-responsive-typography-calculated\" style=\"--fontSize: 40; line-height: 1.1;\">Geri bildirim ve ileti\u015fim bilgileri<\/h2>\n<p>Adres:<br \/>D10 Solutions AG<br \/>Heinrich-Hertz-Stra\u00dfe 4<br \/>40721 Hilden<br \/>Almanya<\/p>\n<p>E-Mail: hello@d10.net<br \/>Telefon: +49 2103-30941-0<br \/>Link zur Website: <a href=\"https:\/\/bomito.com\/tr\/\">https:\/\/bomito.com<\/a><\/p>\n<\/div><\/div><\/div><\/div><\/div>\n","protected":false},"excerpt":{"rendered":"","protected":false},"author":8,"featured_media":0,"parent":0,"menu_order":0,"comment_status":"closed","ping_status":"closed","template":"100-width.php","meta":{"footnotes":"","_links_to":"","_links_to_target":""},"class_list":["post-2497","page","type-page","status-publish","hentry"],"yoast_head":"<!-- This site is optimized with the Yoast SEO plugin v27.5 - https:\/\/yoast.com\/product\/yoast-seo-wordpress\/ -->\n<title>Eri\u015filebilirlik beyan\u0131 - BOMITO<\/title>\n<meta name=\"robots\" content=\"index, follow, max-snippet:-1, max-image-preview:large, max-video-preview:-1\" \/>\n<link rel=\"canonical\" href=\"https:\/\/bomito.com\/tr\/erisilebilirlik-beyani\/\" \/>\n<meta property=\"og:locale\" content=\"tr_TR\" \/>\n<meta property=\"og:type\" content=\"article\" \/>\n<meta property=\"og:title\" content=\"Eri\u015filebilirlik beyan\u0131 - BOMITO\" \/>\n<meta property=\"og:url\" content=\"https:\/\/bomito.com\/tr\/erisilebilirlik-beyani\/\" \/>\n<meta property=\"og:site_name\" content=\"BOMITO\" \/>\n<meta property=\"article:modified_time\" content=\"2025-09-04T15:38:00+00:00\" \/>\n<meta name=\"twitter:card\" content=\"summary_large_image\" \/>\n<meta name=\"twitter:label1\" content=\"Tahmini okuma s\u00fcresi\" \/>\n\t<meta name=\"twitter:data1\" content=\"5 dakika\" \/>\n<script type=\"application\/ld+json\" class=\"yoast-schema-graph\">{\"@context\":\"https:\\\/\\\/schema.org\",\"@graph\":[{\"@type\":\"WebPage\",\"@id\":\"https:\\\/\\\/bomito.com\\\/tr\\\/erisilebilirlik-beyani\\\/\",\"url\":\"https:\\\/\\\/bomito.com\\\/tr\\\/erisilebilirlik-beyani\\\/\",\"name\":\"Eri\u015filebilirlik beyan\u0131 - BOMITO\",\"isPartOf\":{\"@id\":\"https:\\\/\\\/bomito.com\\\/tr\\\/#website\"},\"datePublished\":\"2025-06-24T08:55:44+00:00\",\"dateModified\":\"2025-09-04T15:38:00+00:00\",\"breadcrumb\":{\"@id\":\"https:\\\/\\\/bomito.com\\\/tr\\\/erisilebilirlik-beyani\\\/#breadcrumb\"},\"inLanguage\":\"tr\",\"potentialAction\":[{\"@type\":\"ReadAction\",\"target\":[\"https:\\\/\\\/bomito.com\\\/tr\\\/erisilebilirlik-beyani\\\/\"]}]},{\"@type\":\"BreadcrumbList\",\"@id\":\"https:\\\/\\\/bomito.com\\\/tr\\\/erisilebilirlik-beyani\\\/#breadcrumb\",\"itemListElement\":[{\"@type\":\"ListItem\",\"position\":1,\"name\":\"Startseite\",\"item\":\"https:\\\/\\\/bomito.com\\\/tr\\\/\"},{\"@type\":\"ListItem\",\"position\":2,\"name\":\"Eri\u015filebilirlik beyan\u0131\"}]},{\"@type\":\"WebSite\",\"@id\":\"https:\\\/\\\/bomito.com\\\/tr\\\/#website\",\"url\":\"https:\\\/\\\/bomito.com\\\/tr\\\/\",\"name\":\"BOMITO\",\"description\":\"Back Office Management\",\"publisher\":{\"@id\":\"https:\\\/\\\/bomito.com\\\/tr\\\/#organization\"},\"potentialAction\":[{\"@type\":\"SearchAction\",\"target\":{\"@type\":\"EntryPoint\",\"urlTemplate\":\"https:\\\/\\\/bomito.com\\\/tr\\\/?s={search_term_string}\"},\"query-input\":{\"@type\":\"PropertyValueSpecification\",\"valueRequired\":true,\"valueName\":\"search_term_string\"}}],\"inLanguage\":\"tr\"},{\"@type\":\"Organization\",\"@id\":\"https:\\\/\\\/bomito.com\\\/tr\\\/#organization\",\"name\":\"BOMITO\",\"url\":\"https:\\\/\\\/bomito.com\\\/tr\\\/\",\"logo\":{\"@type\":\"ImageObject\",\"inLanguage\":\"tr\",\"@id\":\"https:\\\/\\\/bomito.com\\\/tr\\\/#\\\/schema\\\/logo\\\/image\\\/\",\"url\":\"https:\\\/\\\/bomito.com\\\/wp-content\\\/uploads\\\/2025\\\/01\\\/BOMITO-Logo-mit-Subclaim.svg\",\"contentUrl\":\"https:\\\/\\\/bomito.com\\\/wp-content\\\/uploads\\\/2025\\\/01\\\/BOMITO-Logo-mit-Subclaim.svg\",\"width\":230,\"height\":110,\"caption\":\"BOMITO\"},\"image\":{\"@id\":\"https:\\\/\\\/bomito.com\\\/tr\\\/#\\\/schema\\\/logo\\\/image\\\/\"}}]}<\/script>\n<!-- \/ Yoast SEO plugin. -->","yoast_head_json":{"title":"Eri\u015filebilirlik beyan\u0131 - BOMITO","robots":{"index":"index","follow":"follow","max-snippet":"max-snippet:-1","max-image-preview":"max-image-preview:large","max-video-preview":"max-video-preview:-1"},"canonical":"https:\/\/bomito.com\/tr\/erisilebilirlik-beyani\/","og_locale":"tr_TR","og_type":"article","og_title":"Eri\u015filebilirlik beyan\u0131 - BOMITO","og_url":"https:\/\/bomito.com\/tr\/erisilebilirlik-beyani\/","og_site_name":"BOMITO","article_modified_time":"2025-09-04T15:38:00+00:00","twitter_card":"summary_large_image","twitter_misc":{"Tahmini okuma s\u00fcresi":"5 dakika"},"schema":{"@context":"https:\/\/schema.org","@graph":[{"@type":"WebPage","@id":"https:\/\/bomito.com\/tr\/erisilebilirlik-beyani\/","url":"https:\/\/bomito.com\/tr\/erisilebilirlik-beyani\/","name":"Eri\u015filebilirlik beyan\u0131 - BOMITO","isPartOf":{"@id":"https:\/\/bomito.com\/tr\/#website"},"datePublished":"2025-06-24T08:55:44+00:00","dateModified":"2025-09-04T15:38:00+00:00","breadcrumb":{"@id":"https:\/\/bomito.com\/tr\/erisilebilirlik-beyani\/#breadcrumb"},"inLanguage":"tr","potentialAction":[{"@type":"ReadAction","target":["https:\/\/bomito.com\/tr\/erisilebilirlik-beyani\/"]}]},{"@type":"BreadcrumbList","@id":"https:\/\/bomito.com\/tr\/erisilebilirlik-beyani\/#breadcrumb","itemListElement":[{"@type":"ListItem","position":1,"name":"Startseite","item":"https:\/\/bomito.com\/tr\/"},{"@type":"ListItem","position":2,"name":"Eri\u015filebilirlik beyan\u0131"}]},{"@type":"WebSite","@id":"https:\/\/bomito.com\/tr\/#website","url":"https:\/\/bomito.com\/tr\/","name":"BOMITO","description":"Back Office Management","publisher":{"@id":"https:\/\/bomito.com\/tr\/#organization"},"potentialAction":[{"@type":"SearchAction","target":{"@type":"EntryPoint","urlTemplate":"https:\/\/bomito.com\/tr\/?s={search_term_string}"},"query-input":{"@type":"PropertyValueSpecification","valueRequired":true,"valueName":"search_term_string"}}],"inLanguage":"tr"},{"@type":"Organization","@id":"https:\/\/bomito.com\/tr\/#organization","name":"BOMITO","url":"https:\/\/bomito.com\/tr\/","logo":{"@type":"ImageObject","inLanguage":"tr","@id":"https:\/\/bomito.com\/tr\/#\/schema\/logo\/image\/","url":"https:\/\/bomito.com\/wp-content\/uploads\/2025\/01\/BOMITO-Logo-mit-Subclaim.svg","contentUrl":"https:\/\/bomito.com\/wp-content\/uploads\/2025\/01\/BOMITO-Logo-mit-Subclaim.svg","width":230,"height":110,"caption":"BOMITO"},"image":{"@id":"https:\/\/bomito.com\/tr\/#\/schema\/logo\/image\/"}}]}},"_links":{"self":[{"href":"https:\/\/bomito.com\/tr\/wp-json\/wp\/v2\/pages\/2497","targetHints":{"allow":["GET"]}}],"collection":[{"href":"https:\/\/bomito.com\/tr\/wp-json\/wp\/v2\/pages"}],"about":[{"href":"https:\/\/bomito.com\/tr\/wp-json\/wp\/v2\/types\/page"}],"author":[{"embeddable":true,"href":"https:\/\/bomito.com\/tr\/wp-json\/wp\/v2\/users\/8"}],"replies":[{"embeddable":true,"href":"https:\/\/bomito.com\/tr\/wp-json\/wp\/v2\/comments?post=2497"}],"version-history":[{"count":2,"href":"https:\/\/bomito.com\/tr\/wp-json\/wp\/v2\/pages\/2497\/revisions"}],"predecessor-version":[{"id":2499,"href":"https:\/\/bomito.com\/tr\/wp-json\/wp\/v2\/pages\/2497\/revisions\/2499"}],"wp:attachment":[{"href":"https:\/\/bomito.com\/tr\/wp-json\/wp\/v2\/media?parent=2497"}],"curies":[{"name":"wp","href":"https:\/\/api.w.org\/{rel}","templated":true}]}}