{"id":2500,"date":"2025-03-10T13:43:27","date_gmt":"2025-03-10T12:43:27","guid":{"rendered":"https:\/\/bomito.com\/yasal-uyari\/"},"modified":"2025-09-05T11:09:30","modified_gmt":"2025-09-05T09:09:30","slug":"yasal-uyari","status":"publish","type":"page","link":"https:\/\/bomito.com\/tr\/yasal-uyari\/","title":{"rendered":"Yasal Uyar\u0131"},"content":{"rendered":"<div class=\"fusion-fullwidth fullwidth-box fusion-builder-row-1 fusion-flex-container has-pattern-background has-mask-background nonhundred-percent-fullwidth non-hundred-percent-height-scrolling\" style=\"--awb-background-position:right top;--awb-border-radius-top-left:0px;--awb-border-radius-top-right:0px;--awb-border-radius-bottom-right:0px;--awb-border-radius-bottom-left:0px;--awb-padding-top:140px;--awb-padding-bottom:50px;--awb-padding-top-small:70px;--awb-padding-bottom-small:70px;--awb-background-size:contain;--awb-flex-wrap:wrap;\" ><div class=\"fusion-builder-row fusion-row fusion-flex-align-items-flex-start fusion-flex-align-content-center fusion-flex-justify-content-space-between fusion-flex-content-wrap\" style=\"max-width:1216.8px;margin-left: calc(-4% \/ 2 );margin-right: calc(-4% \/ 2 );\"><div class=\"fusion-layout-column fusion_builder_column fusion-builder-column-0 fusion_builder_column_1_3 1_3 fusion-flex-column\" style=\"--awb-bg-size:cover;--awb-width-large:33.333333333333%;--awb-margin-top-large:0px;--awb-spacing-right-large:5.76%;--awb-margin-bottom-large:20px;--awb-spacing-left-large:5.76%;--awb-width-medium:33.333333333333%;--awb-order-medium:0;--awb-spacing-right-medium:5.76%;--awb-spacing-left-medium:5.76%;--awb-width-small:100%;--awb-order-small:0;--awb-spacing-right-small:1.92%;--awb-spacing-left-small:1.92%;\" data-scroll-devices=\"small-visibility,medium-visibility,large-visibility\"><div class=\"fusion-column-wrapper fusion-column-has-shadow fusion-flex-justify-content-flex-start fusion-content-layout-column\"><div class=\"fusion-title title fusion-title-1 fusion-sep-none fusion-title-text fusion-title-size-two\" style=\"--awb-margin-bottom:30px;--awb-margin-top-small:0px;--awb-margin-right-small:0px;--awb-margin-bottom-small:15px;--awb-margin-left-small:0px;\"><h2 class=\"fusion-title-heading title-heading-left fusion-responsive-typography-calculated\" style=\"margin:0;--fontSize:50;line-height:var(--awb-typography1-line-height);\">Yasal Uyar\u0131<\/h2><\/div><div class=\"fusion-text fusion-text-1 fusion-text-no-margin\" style=\"--awb-font-size:var(--awb-typography3-font-size);--awb-line-height:var(--awb-typography3-line-height);--awb-letter-spacing:var(--awb-typography3-letter-spacing);--awb-text-transform:var(--awb-typography3-text-transform);--awb-margin-bottom:30px;--awb-text-font-family:var(--awb-typography3-font-family);--awb-text-font-weight:var(--awb-typography3-font-weight);--awb-text-font-style:var(--awb-typography3-font-style);\"><p><strong>\u00a7 5 TMG\u2019ye g\u00f6re sa\u011flanan bilgiler<\/strong><br \/>\nD10 Solutions AG<br \/>\nHeinrich-Hertz-Strasse 4<br \/>\n40721 Hilden<br \/>\nDeutschland<\/p>\n<p>Ticaret Sicili: HRB 63312<br \/>\nTescil Mahkemesi: Amtsgericht D\u00fcsseldorf<\/p>\n<p><strong>Yetkili ki\u015fi:<\/strong><br \/>\nThomas M\u00fcnch (Vorsitzender)<\/p>\n<p><strong>Denetim Kurulu Ba\u015fkan\u0131:<\/strong><br \/>\nKay Oliver Pingler (Vorsitzender)<\/p>\n<p><strong>\u0130leti\u015fim<\/strong><br \/>\nTel: <a href=\"tel:00492103309410\">+49 2103-30941-0<\/a><br \/>\nE-Mail : <a href=\"mailto:hello@d10.net\">hello (at) d10.net<\/a><\/p>\n<p><strong>KDV Kimlik Numaras\u0131:<\/strong><br \/>\n\u00a7 27 a Katma De\u011fer Vergisi Kanunu uyar\u0131nca KDV Kimlik Numaras\u0131:<br \/>\nDE221633608<\/p>\n<p><strong>T\u00fcketici uyu\u015fmazl\u0131klar\u0131n\u0131n \u00e7\u00f6z\u00fcm\u00fc \/<br \/>\nEvrensel Uzla\u015ft\u0131rma Kurumu<br \/>\n<\/strong>\u015eirketimiz, t\u00fcketici uzla\u015ft\u0131rma kurumlar\u0131 \u00f6n\u00fcnde y\u00fcr\u00fct\u00fclen uyu\u015fmazl\u0131k \u00e7\u00f6z\u00fcm s\u00fcre\u00e7lerine kat\u0131lmaya ne haz\u0131rd\u0131r ne de zorunludur.<\/p>\n<\/div><\/div><\/div><div class=\"fusion-layout-column fusion_builder_column fusion-builder-column-1 fusion_builder_column_3_5 3_5 fusion-flex-column\" style=\"--awb-bg-size:cover;--awb-width-large:60%;--awb-margin-top-large:0px;--awb-spacing-right-large:3.2%;--awb-margin-bottom-large:20px;--awb-spacing-left-large:3.2%;--awb-width-medium:60%;--awb-order-medium:0;--awb-spacing-right-medium:3.2%;--awb-spacing-left-medium:3.2%;--awb-width-small:100%;--awb-order-small:0;--awb-spacing-right-small:1.92%;--awb-spacing-left-small:1.92%;\" data-scroll-devices=\"small-visibility,medium-visibility,large-visibility\"><div class=\"fusion-column-wrapper fusion-column-has-shadow fusion-flex-justify-content-flex-start fusion-content-layout-column\"><div class=\"fusion-title title fusion-title-2 fusion-sep-none fusion-title-text fusion-title-size-two\" style=\"--awb-margin-bottom:30px;--awb-margin-top-small:0px;--awb-margin-right-small:0px;--awb-margin-bottom-small:15px;--awb-margin-left-small:0px;\"><h2 class=\"fusion-title-heading title-heading-left fusion-responsive-typography-calculated\" style=\"margin:0;--fontSize:50;line-height:var(--awb-typography1-line-height);\">Disclaimer<\/h2><\/div><div class=\"fusion-text fusion-text-2 fusion-text-no-margin\" style=\"--awb-font-size:var(--awb-typography3-font-size);--awb-line-height:var(--awb-typography3-line-height);--awb-letter-spacing:var(--awb-typography3-letter-spacing);--awb-text-transform:var(--awb-typography3-text-transform);--awb-margin-bottom:30px;--awb-text-font-family:var(--awb-typography3-font-family);--awb-text-font-weight:var(--awb-typography3-font-weight);--awb-text-font-style:var(--awb-typography3-font-style);\"><p><strong>\u0130\u00e7eriklerden Sorumluluk<\/strong><\/p>\n<p>Hizmet sa\u011flay\u0131c\u0131s\u0131 olarak, bu web sayfalar\u0131ndaki kendi i\u00e7eriklerimizden \u00a7 7\/1 TMG h\u00fck\u00fcmlerine g\u00f6re genel yasalara uygun \u015fekilde sorumluyuz. Bununla birlikte \u00a7\u00a7 8\u201310 TMG h\u00fck\u00fcmleri uyar\u0131nca, iletilen veya depolanan \u00fc\u00e7\u00fcnc\u00fc taraf bilgileri denetlemek veya hukuka ayk\u0131r\u0131 faaliyetleri tespit etmeye \u00e7al\u0131\u015fmak zorunda de\u011filiz.  <\/p>\n<p>Genel yasalara g\u00f6re, bilgilerin kald\u0131r\u0131lmas\u0131 veya kullan\u0131m\u0131n\u0131n engellenmesine ili\u015fkin y\u00fck\u00fcml\u00fcl\u00fckler bu durumu etkilemez. Buna ra\u011fmen, ilgili i\u00e7eriklerden sorumluluk ancak somut bir hukuki ihlalin bilgisine sahip olundu\u011fu andan itibaren do\u011far. S\u00f6z konusu hukuki ihlallerin tespiti halinde, i\u00e7erikler derhal kald\u0131r\u0131lacakt\u0131r.  <\/p>\n<p><strong>Linklerden Kaynaklanan Sorumluluk<\/strong><\/p>\n<p>Sunmu\u015f oldu\u011fumuz hizmet, i\u00e7eriklerine m\u00fcdahale edemedi\u011fimiz \u00fc\u00e7\u00fcnc\u00fc taraf web sitelerine ba\u011flant\u0131lar i\u00e7ermektedir. Bu nedenle, bu sitelerdeki i\u00e7erikler i\u00e7in herhangi bir garanti veremeyiz. Ba\u011flant\u0131 verilen sayfalar\u0131n i\u00e7eriklerinden her zaman ilgili sayfan\u0131n sa\u011flay\u0131c\u0131s\u0131 veya i\u015fletmecisi sorumludur. Ba\u011flant\u0131lar, olu\u015fturuldu\u011fu s\u0131rada olas\u0131 hukuki ihlaller a\u00e7\u0131s\u0131ndan kontrol edilmi\u015ftir ve o anda hukuka ayk\u0131r\u0131 i\u00e7erik tespit edilmemi\u015ftir.    <\/p>\n<p>Ba\u011flant\u0131 verilen sayfalar\u0131n i\u00e7eriklerinin s\u00fcrekli denetimi, hukuka ayk\u0131r\u0131 bir durumun somut bir g\u00f6stergesi olmadan makul de\u011fildir. Hukuki ihlaller tespit edildi\u011finde, ilgili ba\u011flant\u0131lar derhal kald\u0131r\u0131lacakt\u0131r. <\/p>\n<p><strong>Telif Hakk\u0131<\/strong><\/p>\n<p>Bu sayfalarda yer alan i\u00e7erikler ve eserler, sayfa i\u015fletmecileri taraf\u0131ndan haz\u0131rlanm\u0131\u015f olup Alman Telif Hakk\u0131 Kanunu kapsam\u0131ndad\u0131r. Telif hakk\u0131 s\u0131n\u0131rlar\u0131 d\u0131\u015f\u0131nda \u00e7o\u011faltma, de\u011fi\u015ftirme, da\u011f\u0131t\u0131m ve her t\u00fcrl\u00fc kullan\u0131m, ilgili yazar veya olu\u015fturucunun yaz\u0131l\u0131 izni olmadan yap\u0131lamaz. Bu sayfadan yap\u0131lan indirmeler ve kopyalamalar yaln\u0131zca \u00f6zel ve ticari olmayan kullan\u0131m amac\u0131yla izinlidir.  <\/p>\n<p>Sayfadaki i\u00e7eriklerin i\u015fletici taraf\u0131ndan olu\u015fturulmad\u0131\u011f\u0131 durumlarda, \u00fc\u00e7\u00fcnc\u00fc taraflar\u0131n telif haklar\u0131na sayg\u0131 g\u00f6sterilmektedir. \u00dc\u00e7\u00fcnc\u00fc taraf i\u00e7erikler \u00f6zellikle bu \u015fekilde belirtilmektedir. Yine de herhangi bir telif hakk\u0131 ihlali fark ederseniz, l\u00fctfen bizi bilgilendirin. Hukuki ihlaller tespit edildi\u011finde, ilgili i\u00e7erikler derhal kald\u0131r\u0131lacakt\u0131r.<\/p>\n<\/div><\/div><\/div><\/div><\/div>\n","protected":false},"excerpt":{"rendered":"","protected":false},"author":8,"featured_media":0,"parent":0,"menu_order":0,"comment_status":"closed","ping_status":"closed","template":"100-width.php","meta":{"footnotes":"","_links_to":"","_links_to_target":""},"class_list":["post-2500","page","type-page","status-publish","hentry"],"yoast_head":"<!-- This site is optimized with the Yoast SEO plugin v27.5 - https:\/\/yoast.com\/product\/yoast-seo-wordpress\/ -->\n<title>Yasal Uyar\u0131 - BOMITO<\/title>\n<meta name=\"description\" content=\"D10 Solutions AG, Heinrich-Hertz-Stra\u00dfe 4, 40721 Hilden, Almanya. Denetim Kurulu Ba\u015fkan\u0131: Kay Oliver Pingler.\" \/>\n<meta name=\"robots\" content=\"index, follow, max-snippet:-1, max-image-preview:large, max-video-preview:-1\" \/>\n<link rel=\"canonical\" href=\"https:\/\/bomito.com\/tr\/yasal-uyari\/\" \/>\n<meta property=\"og:locale\" content=\"tr_TR\" \/>\n<meta property=\"og:type\" content=\"article\" \/>\n<meta property=\"og:title\" content=\"Yasal Uyar\u0131 - BOMITO\" \/>\n<meta property=\"og:description\" content=\"D10 Solutions AG, Heinrich-Hertz-Stra\u00dfe 4, 40721 Hilden, Almanya. Denetim Kurulu Ba\u015fkan\u0131: Kay Oliver Pingler.\" \/>\n<meta property=\"og:url\" content=\"https:\/\/bomito.com\/tr\/yasal-uyari\/\" \/>\n<meta property=\"og:site_name\" content=\"BOMITO\" \/>\n<meta property=\"article:modified_time\" content=\"2025-09-05T09:09:30+00:00\" \/>\n<meta name=\"twitter:card\" content=\"summary_large_image\" \/>\n<meta name=\"twitter:label1\" content=\"Tahmini okuma s\u00fcresi\" \/>\n\t<meta name=\"twitter:data1\" content=\"13 dakika\" \/>\n<script type=\"application\/ld+json\" class=\"yoast-schema-graph\">{\"@context\":\"https:\\\/\\\/schema.org\",\"@graph\":[{\"@type\":\"WebPage\",\"@id\":\"https:\\\/\\\/bomito.com\\\/tr\\\/yasal-uyari\\\/\",\"url\":\"https:\\\/\\\/bomito.com\\\/tr\\\/yasal-uyari\\\/\",\"name\":\"Yasal Uyar\u0131 - BOMITO\",\"isPartOf\":{\"@id\":\"https:\\\/\\\/bomito.com\\\/tr\\\/#website\"},\"datePublished\":\"2025-03-10T12:43:27+00:00\",\"dateModified\":\"2025-09-05T09:09:30+00:00\",\"description\":\"D10 Solutions AG, Heinrich-Hertz-Stra\u00dfe 4, 40721 Hilden, Almanya. Denetim Kurulu Ba\u015fkan\u0131: Kay Oliver Pingler.\",\"breadcrumb\":{\"@id\":\"https:\\\/\\\/bomito.com\\\/tr\\\/yasal-uyari\\\/#breadcrumb\"},\"inLanguage\":\"tr\",\"potentialAction\":[{\"@type\":\"ReadAction\",\"target\":[\"https:\\\/\\\/bomito.com\\\/tr\\\/yasal-uyari\\\/\"]}]},{\"@type\":\"BreadcrumbList\",\"@id\":\"https:\\\/\\\/bomito.com\\\/tr\\\/yasal-uyari\\\/#breadcrumb\",\"itemListElement\":[{\"@type\":\"ListItem\",\"position\":1,\"name\":\"Startseite\",\"item\":\"https:\\\/\\\/bomito.com\\\/tr\\\/\"},{\"@type\":\"ListItem\",\"position\":2,\"name\":\"Yasal Uyar\u0131\"}]},{\"@type\":\"WebSite\",\"@id\":\"https:\\\/\\\/bomito.com\\\/tr\\\/#website\",\"url\":\"https:\\\/\\\/bomito.com\\\/tr\\\/\",\"name\":\"BOMITO\",\"description\":\"Back Office Management\",\"publisher\":{\"@id\":\"https:\\\/\\\/bomito.com\\\/tr\\\/#organization\"},\"potentialAction\":[{\"@type\":\"SearchAction\",\"target\":{\"@type\":\"EntryPoint\",\"urlTemplate\":\"https:\\\/\\\/bomito.com\\\/tr\\\/?s={search_term_string}\"},\"query-input\":{\"@type\":\"PropertyValueSpecification\",\"valueRequired\":true,\"valueName\":\"search_term_string\"}}],\"inLanguage\":\"tr\"},{\"@type\":\"Organization\",\"@id\":\"https:\\\/\\\/bomito.com\\\/tr\\\/#organization\",\"name\":\"BOMITO\",\"url\":\"https:\\\/\\\/bomito.com\\\/tr\\\/\",\"logo\":{\"@type\":\"ImageObject\",\"inLanguage\":\"tr\",\"@id\":\"https:\\\/\\\/bomito.com\\\/tr\\\/#\\\/schema\\\/logo\\\/image\\\/\",\"url\":\"https:\\\/\\\/bomito.com\\\/wp-content\\\/uploads\\\/2025\\\/01\\\/BOMITO-Logo-mit-Subclaim.svg\",\"contentUrl\":\"https:\\\/\\\/bomito.com\\\/wp-content\\\/uploads\\\/2025\\\/01\\\/BOMITO-Logo-mit-Subclaim.svg\",\"width\":230,\"height\":110,\"caption\":\"BOMITO\"},\"image\":{\"@id\":\"https:\\\/\\\/bomito.com\\\/tr\\\/#\\\/schema\\\/logo\\\/image\\\/\"}}]}<\/script>\n<!-- \/ Yoast SEO plugin. -->","yoast_head_json":{"title":"Yasal Uyar\u0131 - BOMITO","description":"D10 Solutions AG, Heinrich-Hertz-Stra\u00dfe 4, 40721 Hilden, Almanya. Denetim Kurulu Ba\u015fkan\u0131: Kay Oliver Pingler.","robots":{"index":"index","follow":"follow","max-snippet":"max-snippet:-1","max-image-preview":"max-image-preview:large","max-video-preview":"max-video-preview:-1"},"canonical":"https:\/\/bomito.com\/tr\/yasal-uyari\/","og_locale":"tr_TR","og_type":"article","og_title":"Yasal Uyar\u0131 - BOMITO","og_description":"D10 Solutions AG, Heinrich-Hertz-Stra\u00dfe 4, 40721 Hilden, Almanya. Denetim Kurulu Ba\u015fkan\u0131: Kay Oliver Pingler.","og_url":"https:\/\/bomito.com\/tr\/yasal-uyari\/","og_site_name":"BOMITO","article_modified_time":"2025-09-05T09:09:30+00:00","twitter_card":"summary_large_image","twitter_misc":{"Tahmini okuma s\u00fcresi":"13 dakika"},"schema":{"@context":"https:\/\/schema.org","@graph":[{"@type":"WebPage","@id":"https:\/\/bomito.com\/tr\/yasal-uyari\/","url":"https:\/\/bomito.com\/tr\/yasal-uyari\/","name":"Yasal Uyar\u0131 - BOMITO","isPartOf":{"@id":"https:\/\/bomito.com\/tr\/#website"},"datePublished":"2025-03-10T12:43:27+00:00","dateModified":"2025-09-05T09:09:30+00:00","description":"D10 Solutions AG, Heinrich-Hertz-Stra\u00dfe 4, 40721 Hilden, Almanya. Denetim Kurulu Ba\u015fkan\u0131: Kay Oliver Pingler.","breadcrumb":{"@id":"https:\/\/bomito.com\/tr\/yasal-uyari\/#breadcrumb"},"inLanguage":"tr","potentialAction":[{"@type":"ReadAction","target":["https:\/\/bomito.com\/tr\/yasal-uyari\/"]}]},{"@type":"BreadcrumbList","@id":"https:\/\/bomito.com\/tr\/yasal-uyari\/#breadcrumb","itemListElement":[{"@type":"ListItem","position":1,"name":"Startseite","item":"https:\/\/bomito.com\/tr\/"},{"@type":"ListItem","position":2,"name":"Yasal Uyar\u0131"}]},{"@type":"WebSite","@id":"https:\/\/bomito.com\/tr\/#website","url":"https:\/\/bomito.com\/tr\/","name":"BOMITO","description":"Back Office Management","publisher":{"@id":"https:\/\/bomito.com\/tr\/#organization"},"potentialAction":[{"@type":"SearchAction","target":{"@type":"EntryPoint","urlTemplate":"https:\/\/bomito.com\/tr\/?s={search_term_string}"},"query-input":{"@type":"PropertyValueSpecification","valueRequired":true,"valueName":"search_term_string"}}],"inLanguage":"tr"},{"@type":"Organization","@id":"https:\/\/bomito.com\/tr\/#organization","name":"BOMITO","url":"https:\/\/bomito.com\/tr\/","logo":{"@type":"ImageObject","inLanguage":"tr","@id":"https:\/\/bomito.com\/tr\/#\/schema\/logo\/image\/","url":"https:\/\/bomito.com\/wp-content\/uploads\/2025\/01\/BOMITO-Logo-mit-Subclaim.svg","contentUrl":"https:\/\/bomito.com\/wp-content\/uploads\/2025\/01\/BOMITO-Logo-mit-Subclaim.svg","width":230,"height":110,"caption":"BOMITO"},"image":{"@id":"https:\/\/bomito.com\/tr\/#\/schema\/logo\/image\/"}}]}},"_links":{"self":[{"href":"https:\/\/bomito.com\/tr\/wp-json\/wp\/v2\/pages\/2500","targetHints":{"allow":["GET"]}}],"collection":[{"href":"https:\/\/bomito.com\/tr\/wp-json\/wp\/v2\/pages"}],"about":[{"href":"https:\/\/bomito.com\/tr\/wp-json\/wp\/v2\/types\/page"}],"author":[{"embeddable":true,"href":"https:\/\/bomito.com\/tr\/wp-json\/wp\/v2\/users\/8"}],"replies":[{"embeddable":true,"href":"https:\/\/bomito.com\/tr\/wp-json\/wp\/v2\/comments?post=2500"}],"version-history":[{"count":5,"href":"https:\/\/bomito.com\/tr\/wp-json\/wp\/v2\/pages\/2500\/revisions"}],"predecessor-version":[{"id":2535,"href":"https:\/\/bomito.com\/tr\/wp-json\/wp\/v2\/pages\/2500\/revisions\/2535"}],"wp:attachment":[{"href":"https:\/\/bomito.com\/tr\/wp-json\/wp\/v2\/media?parent=2500"}],"curies":[{"name":"wp","href":"https:\/\/api.w.org\/{rel}","templated":true}]}}